{"id":1422,"date":"2024-04-02T17:46:05","date_gmt":"2024-04-02T22:46:05","guid":{"rendered":"https:\/\/hotellatriada.com\/?page_id=1422"},"modified":"2024-05-27T18:49:36","modified_gmt":"2024-05-27T23:49:36","slug":"lugares-turisticos","status":"publish","type":"page","link":"https:\/\/hotellatriada.com\/en\/lugares-turisticos\/","title":{"rendered":"Tourist Places"},"content":{"rendered":"<div data-elementor-type=\"wp-page\" data-elementor-id=\"1422\" class=\"elementor elementor-1422\" data-elementor-post-type=\"page\">\n\t\t\t\t<div class=\"elementor-element elementor-element-3e3177ba e-con-full e-flex e-con e-parent\" data-id=\"3e3177ba\" data-element_type=\"container\" data-settings=\"{&quot;background_background&quot;:&quot;classic&quot;,&quot;background_motion_fx_motion_fx_scrolling&quot;:&quot;yes&quot;,&quot;background_motion_fx_devices&quot;:[&quot;desktop&quot;,&quot;tablet&quot;,&quot;mobile&quot;]}\">\n\t\t<div class=\"elementor-element elementor-element-2b8611ad e-con-full e-flex e-con e-child\" data-id=\"2b8611ad\" data-element_type=\"container\">\n\t\t\t\t<div class=\"elementor-element elementor-element-44f5c59b elementor-widget elementor-widget-heading\" data-id=\"44f5c59b\" data-element_type=\"widget\" data-widget_type=\"heading.default\">\n\t\t\t\t<div class=\"elementor-widget-container\">\n\t\t\t\t\t<h1 class=\"elementor-heading-title elementor-size-default\">TOURIST SITES<\/h1>\t\t\t\t<\/div>\n\t\t\t\t<\/div>\n\t\t\t\t<\/div>\n\t\t\t\t<\/div>\n\t\t<div class=\"elementor-element elementor-element-ce99ff5 e-flex e-con-boxed e-con e-parent\" data-id=\"ce99ff5\" data-element_type=\"container\">\n\t\t\t\t\t<div class=\"e-con-inner\">\n\t\t\t\t<div class=\"elementor-element elementor-element-4891eeb elementor-widget elementor-widget-spacer\" data-id=\"4891eeb\" data-element_type=\"widget\" data-widget_type=\"spacer.default\">\n\t\t\t\t<div class=\"elementor-widget-container\">\n\t\t\t\t\t\t\t<div class=\"elementor-spacer\">\n\t\t\t<div class=\"elementor-spacer-inner\"><\/div>\n\t\t<\/div>\n\t\t\t\t\t\t<\/div>\n\t\t\t\t<\/div>\n\t\t\t\t\t<\/div>\n\t\t\t\t<\/div>\n\t\t<div class=\"elementor-element elementor-element-57b1dca e-grid e-con-boxed e-con e-parent\" data-id=\"57b1dca\" data-element_type=\"container\">\n\t\t\t\t\t<div class=\"e-con-inner\">\n\t\t<div class=\"elementor-element elementor-element-813c11b e-flex e-con-boxed e-con e-child\" data-id=\"813c11b\" data-element_type=\"container\">\n\t\t\t\t\t<div class=\"e-con-inner\">\n\t\t\t\t<div class=\"elementor-element elementor-element-e5a9027 elementor-widget elementor-widget-image\" data-id=\"e5a9027\" data-element_type=\"widget\" data-widget_type=\"image.default\">\n\t\t\t\t<div class=\"elementor-widget-container\">\n\t\t\t\t\t\t\t\t\t\t\t\t\t\t\t<img fetchpriority=\"high\" decoding=\"async\" width=\"960\" height=\"720\" src=\"https:\/\/hotellatriada.com\/wp-content\/uploads\/2024\/04\/1c5fbf_72f0a72396bd4dedb6881ef80b00e5f1_mv2-2.jpg\" class=\"attachment-large size-large wp-image-2039\" alt=\"Sant\u00edsimo\" srcset=\"https:\/\/hotellatriada.com\/wp-content\/uploads\/2024\/04\/1c5fbf_72f0a72396bd4dedb6881ef80b00e5f1_mv2-2.jpg 960w, https:\/\/hotellatriada.com\/wp-content\/uploads\/2024\/04\/1c5fbf_72f0a72396bd4dedb6881ef80b00e5f1_mv2-2-300x225.jpg 300w, https:\/\/hotellatriada.com\/wp-content\/uploads\/2024\/04\/1c5fbf_72f0a72396bd4dedb6881ef80b00e5f1_mv2-2-768x576.jpg 768w, https:\/\/hotellatriada.com\/wp-content\/uploads\/2024\/04\/1c5fbf_72f0a72396bd4dedb6881ef80b00e5f1_mv2-2-16x12.jpg 16w\" sizes=\"(max-width: 960px) 100vw, 960px\" \/>\t\t\t\t\t\t\t\t\t\t\t\t\t\t\t<\/div>\n\t\t\t\t<\/div>\n\t\t\t\t<div class=\"elementor-element elementor-element-0153790 elementor-widget elementor-widget-heading\" data-id=\"0153790\" data-element_type=\"widget\" data-widget_type=\"heading.default\">\n\t\t\t\t<div class=\"elementor-widget-container\">\n\t\t\t\t\t<h2 class=\"elementor-heading-title elementor-size-default\">Cerro del Sant\u00edsimo Park<\/h2>\t\t\t\t<\/div>\n\t\t\t\t<\/div>\n\t\t\t\t<div class=\"elementor-element elementor-element-50fb777 elementor-widget elementor-widget-text-editor\" data-id=\"50fb777\" data-element_type=\"widget\" data-widget_type=\"text-editor.default\">\n\t\t\t\t<div class=\"elementor-widget-container\">\n\t\t\t\t\t\t\t\t\tCerro del Sant\u00edsimo is a tourist and recreational destination in Bucaramanga, Colombia. With its iconic statue of the Sacred Heart of Jesus, it offers breathtaking panoramic views of the city and its surroundings.\t\t\t\t\t\t\t\t<\/div>\n\t\t\t\t<\/div>\n\t\t\t\t<div class=\"elementor-element elementor-element-e227987 elementor-align-center elementor-widget elementor-widget-button\" data-id=\"e227987\" data-element_type=\"widget\" data-widget_type=\"button.default\">\n\t\t\t\t<div class=\"elementor-widget-container\">\n\t\t\t\t\t\t\t\t\t<div class=\"elementor-button-wrapper\">\n\t\t\t\t\t<a class=\"elementor-button elementor-button-link elementor-size-sm\" href=\"#elementor-action%3Aaction%3Dpopup%3Aopen%26settings%3DeyJpZCI6IjIwODQiLCJ0b2dnbGUiOmZhbHNlfQ%3D%3D\">\n\t\t\t\t\t\t<span class=\"elementor-button-content-wrapper\">\n\t\t\t\t\t\t\t\t\t<span class=\"elementor-button-text\">View Location<\/span>\n\t\t\t\t\t<\/span>\n\t\t\t\t\t<\/a>\n\t\t\t\t<\/div>\n\t\t\t\t\t\t\t\t<\/div>\n\t\t\t\t<\/div>\n\t\t\t\t\t<\/div>\n\t\t\t\t<\/div>\n\t\t<div class=\"elementor-element elementor-element-f4dfc83 e-flex e-con-boxed e-con e-child\" data-id=\"f4dfc83\" data-element_type=\"container\">\n\t\t\t\t\t<div class=\"e-con-inner\">\n\t\t\t\t<div class=\"elementor-element elementor-element-14b7713 elementor-widget elementor-widget-image\" data-id=\"14b7713\" data-element_type=\"widget\" data-widget_type=\"image.default\">\n\t\t\t\t<div class=\"elementor-widget-container\">\n\t\t\t\t\t\t\t\t\t\t\t\t\t\t\t<img decoding=\"async\" width=\"1024\" height=\"438\" src=\"https:\/\/hotellatriada.com\/wp-content\/uploads\/2024\/05\/Imagen-de-WhatsApp-2024-05-02-a-las-12.12.22_5f39b4d4-1024x438.jpg\" class=\"attachment-large size-large wp-image-2230\" alt=\"\" srcset=\"https:\/\/hotellatriada.com\/wp-content\/uploads\/2024\/05\/Imagen-de-WhatsApp-2024-05-02-a-las-12.12.22_5f39b4d4-1024x438.jpg 1024w, https:\/\/hotellatriada.com\/wp-content\/uploads\/2024\/05\/Imagen-de-WhatsApp-2024-05-02-a-las-12.12.22_5f39b4d4-300x128.jpg 300w, https:\/\/hotellatriada.com\/wp-content\/uploads\/2024\/05\/Imagen-de-WhatsApp-2024-05-02-a-las-12.12.22_5f39b4d4-768x328.jpg 768w, https:\/\/hotellatriada.com\/wp-content\/uploads\/2024\/05\/Imagen-de-WhatsApp-2024-05-02-a-las-12.12.22_5f39b4d4-1536x657.jpg 1536w, https:\/\/hotellatriada.com\/wp-content\/uploads\/2024\/05\/Imagen-de-WhatsApp-2024-05-02-a-las-12.12.22_5f39b4d4-18x8.jpg 18w, https:\/\/hotellatriada.com\/wp-content\/uploads\/2024\/05\/Imagen-de-WhatsApp-2024-05-02-a-las-12.12.22_5f39b4d4.jpg 1600w\" sizes=\"(max-width: 1024px) 100vw, 1024px\" \/>\t\t\t\t\t\t\t\t\t\t\t\t\t\t\t<\/div>\n\t\t\t\t<\/div>\n\t\t\t\t<div class=\"elementor-element elementor-element-4197b54 elementor-widget elementor-widget-heading\" data-id=\"4197b54\" data-element_type=\"widget\" data-widget_type=\"heading.default\">\n\t\t\t\t<div class=\"elementor-widget-container\">\n\t\t\t\t\t<h2 class=\"elementor-heading-title elementor-size-default\">\nMuseum of Art<\/h2>\t\t\t\t<\/div>\n\t\t\t\t<\/div>\n\t\t\t\t<div class=\"elementor-element elementor-element-8b8c17b elementor-widget elementor-widget-text-editor\" data-id=\"8b8c17b\" data-element_type=\"widget\" data-widget_type=\"text-editor.default\">\n\t\t\t\t<div class=\"elementor-widget-container\">\n\t\t\t\t\t\t\t\t\tThe Museo de Arte Moderno de Bucaramanga is a vibrant cultural center that since 1989 has been home to exhibitions of local and national artists. It offers a varied program that includes exhibitions of contemporary and modern art, as well as other artistic manifestations.\t\t\t\t\t\t\t\t<\/div>\n\t\t\t\t<\/div>\n\t\t\t\t<div class=\"elementor-element elementor-element-f77bf47 elementor-align-center elementor-widget elementor-widget-button\" data-id=\"f77bf47\" data-element_type=\"widget\" data-widget_type=\"button.default\">\n\t\t\t\t<div class=\"elementor-widget-container\">\n\t\t\t\t\t\t\t\t\t<div class=\"elementor-button-wrapper\">\n\t\t\t\t\t<a class=\"elementor-button elementor-button-link elementor-size-sm\" href=\"#elementor-action%3Aaction%3Dpopup%3Aopen%26settings%3DeyJpZCI6IjIwOTUiLCJ0b2dnbGUiOmZhbHNlfQ%3D%3D\">\n\t\t\t\t\t\t<span class=\"elementor-button-content-wrapper\">\n\t\t\t\t\t\t\t\t\t<span class=\"elementor-button-text\">View Location<\/span>\n\t\t\t\t\t<\/span>\n\t\t\t\t\t<\/a>\n\t\t\t\t<\/div>\n\t\t\t\t\t\t\t\t<\/div>\n\t\t\t\t<\/div>\n\t\t\t\t\t<\/div>\n\t\t\t\t<\/div>\n\t\t<div class=\"elementor-element elementor-element-7bf0bc4 e-flex e-con-boxed e-con e-child\" data-id=\"7bf0bc4\" data-element_type=\"container\">\n\t\t\t\t\t<div class=\"e-con-inner\">\n\t\t\t\t<div class=\"elementor-element elementor-element-0b01978 elementor-widget elementor-widget-image\" data-id=\"0b01978\" data-element_type=\"widget\" data-widget_type=\"image.default\">\n\t\t\t\t<div class=\"elementor-widget-container\">\n\t\t\t\t\t\t\t\t\t\t\t\t\t\t\t<img decoding=\"async\" width=\"800\" height=\"600\" src=\"https:\/\/hotellatriada.com\/wp-content\/uploads\/2024\/04\/Catedral_de_la_Sagrada_Familia_Bucaramanga.jpg\" class=\"attachment-large size-large wp-image-2040\" alt=\"Catedral de la sagrada familia\" srcset=\"https:\/\/hotellatriada.com\/wp-content\/uploads\/2024\/04\/Catedral_de_la_Sagrada_Familia_Bucaramanga.jpg 800w, https:\/\/hotellatriada.com\/wp-content\/uploads\/2024\/04\/Catedral_de_la_Sagrada_Familia_Bucaramanga-300x225.jpg 300w, https:\/\/hotellatriada.com\/wp-content\/uploads\/2024\/04\/Catedral_de_la_Sagrada_Familia_Bucaramanga-768x576.jpg 768w, https:\/\/hotellatriada.com\/wp-content\/uploads\/2024\/04\/Catedral_de_la_Sagrada_Familia_Bucaramanga-16x12.jpg 16w\" sizes=\"(max-width: 800px) 100vw, 800px\" \/>\t\t\t\t\t\t\t\t\t\t\t\t\t\t\t<\/div>\n\t\t\t\t<\/div>\n\t\t\t\t<div class=\"elementor-element elementor-element-fb44631 elementor-widget elementor-widget-heading\" data-id=\"fb44631\" data-element_type=\"widget\" data-widget_type=\"heading.default\">\n\t\t\t\t<div class=\"elementor-widget-container\">\n\t\t\t\t\t<h2 class=\"elementor-heading-title elementor-size-default\">Sagrada Familia Cathedral<\/h2>\t\t\t\t<\/div>\n\t\t\t\t<\/div>\n\t\t\t\t<div class=\"elementor-element elementor-element-8c8b9ef elementor-widget elementor-widget-text-editor\" data-id=\"8c8b9ef\" data-element_type=\"widget\" data-widget_type=\"text-editor.default\">\n\t\t\t\t<div class=\"elementor-widget-container\">\n\t\t\t\t\t\t\t\t\tThe Sagrada Familia Cathedral is an architectural jewel that combines Gothic and neoclassical styles, and is an important place of worship and religious tourism in Bucaramanga.\t\t\t\t\t\t\t\t<\/div>\n\t\t\t\t<\/div>\n\t\t\t\t<div class=\"elementor-element elementor-element-a63bdda elementor-align-center elementor-widget elementor-widget-button\" data-id=\"a63bdda\" data-element_type=\"widget\" data-widget_type=\"button.default\">\n\t\t\t\t<div class=\"elementor-widget-container\">\n\t\t\t\t\t\t\t\t\t<div class=\"elementor-button-wrapper\">\n\t\t\t\t\t<a class=\"elementor-button elementor-button-link elementor-size-sm\" href=\"#elementor-action%3Aaction%3Dpopup%3Aopen%26settings%3DeyJpZCI6IjIwOTkiLCJ0b2dnbGUiOmZhbHNlfQ%3D%3D\">\n\t\t\t\t\t\t<span class=\"elementor-button-content-wrapper\">\n\t\t\t\t\t\t\t\t\t<span class=\"elementor-button-text\">View Location<\/span>\n\t\t\t\t\t<\/span>\n\t\t\t\t\t<\/a>\n\t\t\t\t<\/div>\n\t\t\t\t\t\t\t\t<\/div>\n\t\t\t\t<\/div>\n\t\t\t\t\t<\/div>\n\t\t\t\t<\/div>\n\t\t<div class=\"elementor-element elementor-element-e6c7204 e-flex e-con-boxed e-con e-child\" data-id=\"e6c7204\" data-element_type=\"container\">\n\t\t\t\t\t<div class=\"e-con-inner\">\n\t\t\t\t<div class=\"elementor-element elementor-element-ee7060d elementor-widget elementor-widget-image\" data-id=\"ee7060d\" data-element_type=\"widget\" data-widget_type=\"image.default\">\n\t\t\t\t<div class=\"elementor-widget-container\">\n\t\t\t\t\t\t\t\t\t\t\t\t\t\t\t<img loading=\"lazy\" decoding=\"async\" width=\"1024\" height=\"469\" src=\"https:\/\/hotellatriada.com\/wp-content\/uploads\/2024\/04\/mac_quienes-somos_1669669579_lgZi3-1024x469.jpg\" class=\"attachment-large size-large wp-image-2048\" alt=\"Cacique\" srcset=\"https:\/\/hotellatriada.com\/wp-content\/uploads\/2024\/04\/mac_quienes-somos_1669669579_lgZi3-1024x469.jpg 1024w, https:\/\/hotellatriada.com\/wp-content\/uploads\/2024\/04\/mac_quienes-somos_1669669579_lgZi3-300x138.jpg 300w, https:\/\/hotellatriada.com\/wp-content\/uploads\/2024\/04\/mac_quienes-somos_1669669579_lgZi3-768x352.jpg 768w, https:\/\/hotellatriada.com\/wp-content\/uploads\/2024\/04\/mac_quienes-somos_1669669579_lgZi3-18x8.jpg 18w, https:\/\/hotellatriada.com\/wp-content\/uploads\/2024\/04\/mac_quienes-somos_1669669579_lgZi3.jpg 1200w\" sizes=\"(max-width: 1024px) 100vw, 1024px\" \/>\t\t\t\t\t\t\t\t\t\t\t\t\t\t\t<\/div>\n\t\t\t\t<\/div>\n\t\t\t\t<div class=\"elementor-element elementor-element-f96329e elementor-widget elementor-widget-heading\" data-id=\"f96329e\" data-element_type=\"widget\" data-widget_type=\"heading.default\">\n\t\t\t\t<div class=\"elementor-widget-container\">\n\t\t\t\t\t<h2 class=\"elementor-heading-title elementor-size-default\">Cacique Shopping Center<\/h2>\t\t\t\t<\/div>\n\t\t\t\t<\/div>\n\t\t\t\t<div class=\"elementor-element elementor-element-4a2706b elementor-widget elementor-widget-text-editor\" data-id=\"4a2706b\" data-element_type=\"widget\" data-widget_type=\"text-editor.default\">\n\t\t\t\t<div class=\"elementor-widget-container\">\n\t\t\t\t\t\t\t\t\tEl Cacique is known for its wide range of shopping, dining and entertainment. It is an important destination for both local residents and tourists.\t\t\t\t\t\t\t\t<\/div>\n\t\t\t\t<\/div>\n\t\t\t\t<div class=\"elementor-element elementor-element-133d854 elementor-align-center elementor-widget elementor-widget-button\" data-id=\"133d854\" data-element_type=\"widget\" data-widget_type=\"button.default\">\n\t\t\t\t<div class=\"elementor-widget-container\">\n\t\t\t\t\t\t\t\t\t<div class=\"elementor-button-wrapper\">\n\t\t\t\t\t<a class=\"elementor-button elementor-button-link elementor-size-sm\" href=\"#elementor-action%3Aaction%3Dpopup%3Aopen%26settings%3DeyJpZCI6IjIxMDEiLCJ0b2dnbGUiOmZhbHNlfQ%3D%3D\">\n\t\t\t\t\t\t<span class=\"elementor-button-content-wrapper\">\n\t\t\t\t\t\t\t\t\t<span class=\"elementor-button-text\">View Location<\/span>\n\t\t\t\t\t<\/span>\n\t\t\t\t\t<\/a>\n\t\t\t\t<\/div>\n\t\t\t\t\t\t\t\t<\/div>\n\t\t\t\t<\/div>\n\t\t\t\t\t<\/div>\n\t\t\t\t<\/div>\n\t\t<div class=\"elementor-element elementor-element-85899f1 e-flex e-con-boxed e-con e-child\" data-id=\"85899f1\" data-element_type=\"container\">\n\t\t\t\t\t<div class=\"e-con-inner\">\n\t\t\t\t<div class=\"elementor-element elementor-element-53ab2b9 elementor-widget elementor-widget-image\" data-id=\"53ab2b9\" data-element_type=\"widget\" data-widget_type=\"image.default\">\n\t\t\t\t<div class=\"elementor-widget-container\">\n\t\t\t\t\t\t\t\t\t\t\t\t\t\t\t<img loading=\"lazy\" decoding=\"async\" width=\"980\" height=\"720\" src=\"https:\/\/hotellatriada.com\/wp-content\/uploads\/2024\/04\/Teatro_Santander_5_e02605d67a.jpg\" class=\"attachment-large size-large wp-image-2043\" alt=\"\" srcset=\"https:\/\/hotellatriada.com\/wp-content\/uploads\/2024\/04\/Teatro_Santander_5_e02605d67a.jpg 980w, https:\/\/hotellatriada.com\/wp-content\/uploads\/2024\/04\/Teatro_Santander_5_e02605d67a-300x220.jpg 300w, https:\/\/hotellatriada.com\/wp-content\/uploads\/2024\/04\/Teatro_Santander_5_e02605d67a-768x564.jpg 768w, https:\/\/hotellatriada.com\/wp-content\/uploads\/2024\/04\/Teatro_Santander_5_e02605d67a-16x12.jpg 16w\" sizes=\"(max-width: 980px) 100vw, 980px\" \/>\t\t\t\t\t\t\t\t\t\t\t\t\t\t\t<\/div>\n\t\t\t\t<\/div>\n\t\t\t\t<div class=\"elementor-element elementor-element-e8ccfe7 elementor-widget elementor-widget-heading\" data-id=\"e8ccfe7\" data-element_type=\"widget\" data-widget_type=\"heading.default\">\n\t\t\t\t<div class=\"elementor-widget-container\">\n\t\t\t\t\t<h2 class=\"elementor-heading-title elementor-size-default\">Santader Theater<\/h2>\t\t\t\t<\/div>\n\t\t\t\t<\/div>\n\t\t\t\t<div class=\"elementor-element elementor-element-eaa9e2a elementor-widget elementor-widget-text-editor\" data-id=\"eaa9e2a\" data-element_type=\"widget\" data-widget_type=\"text-editor.default\">\n\t\t\t\t<div class=\"elementor-widget-container\">\n\t\t\t\t\t\t\t\t\tThe Santander Theater is a historic theater that hosts renowned cultural and artistic events, providing a space for artistic expression and entertainment in the city.\t\t\t\t\t\t\t\t<\/div>\n\t\t\t\t<\/div>\n\t\t\t\t<div class=\"elementor-element elementor-element-96351f2 elementor-align-center elementor-widget elementor-widget-button\" data-id=\"96351f2\" data-element_type=\"widget\" data-widget_type=\"button.default\">\n\t\t\t\t<div class=\"elementor-widget-container\">\n\t\t\t\t\t\t\t\t\t<div class=\"elementor-button-wrapper\">\n\t\t\t\t\t<a class=\"elementor-button elementor-button-link elementor-size-sm\" href=\"#elementor-action%3Aaction%3Dpopup%3Aopen%26settings%3DeyJpZCI6IjIxMDMiLCJ0b2dnbGUiOmZhbHNlfQ%3D%3D\">\n\t\t\t\t\t\t<span class=\"elementor-button-content-wrapper\">\n\t\t\t\t\t\t\t\t\t<span class=\"elementor-button-text\">View Location<\/span>\n\t\t\t\t\t<\/span>\n\t\t\t\t\t<\/a>\n\t\t\t\t<\/div>\n\t\t\t\t\t\t\t\t<\/div>\n\t\t\t\t<\/div>\n\t\t\t\t\t<\/div>\n\t\t\t\t<\/div>\n\t\t<div class=\"elementor-element elementor-element-c999544 e-flex e-con-boxed e-con e-child\" data-id=\"c999544\" data-element_type=\"container\">\n\t\t\t\t\t<div class=\"e-con-inner\">\n\t\t\t\t<div class=\"elementor-element elementor-element-5b3e18e elementor-widget elementor-widget-image\" data-id=\"5b3e18e\" data-element_type=\"widget\" data-widget_type=\"image.default\">\n\t\t\t\t<div class=\"elementor-widget-container\">\n\t\t\t\t\t\t\t\t\t\t\t\t\t\t\t<img loading=\"lazy\" decoding=\"async\" width=\"1024\" height=\"541\" src=\"https:\/\/hotellatriada.com\/wp-content\/uploads\/2024\/05\/00-PSD-1024x576-1-e1714669509792.jpg\" class=\"attachment-large size-large wp-image-2192\" alt=\"\" srcset=\"https:\/\/hotellatriada.com\/wp-content\/uploads\/2024\/05\/00-PSD-1024x576-1-e1714669509792.jpg 1024w, https:\/\/hotellatriada.com\/wp-content\/uploads\/2024\/05\/00-PSD-1024x576-1-e1714669509792-300x158.jpg 300w, https:\/\/hotellatriada.com\/wp-content\/uploads\/2024\/05\/00-PSD-1024x576-1-e1714669509792-768x406.jpg 768w, https:\/\/hotellatriada.com\/wp-content\/uploads\/2024\/05\/00-PSD-1024x576-1-e1714669509792-18x10.jpg 18w\" sizes=\"(max-width: 1024px) 100vw, 1024px\" \/>\t\t\t\t\t\t\t\t\t\t\t\t\t\t\t<\/div>\n\t\t\t\t<\/div>\n\t\t\t\t<div class=\"elementor-element elementor-element-35bbd74 elementor-widget elementor-widget-heading\" data-id=\"35bbd74\" data-element_type=\"widget\" data-widget_type=\"heading.default\">\n\t\t\t\t<div class=\"elementor-widget-container\">\n\t\t\t\t\t<h2 class=\"elementor-heading-title elementor-size-default\">Centennial Park<\/h2>\t\t\t\t<\/div>\n\t\t\t\t<\/div>\n\t\t\t\t<div class=\"elementor-element elementor-element-76f07a3 elementor-widget elementor-widget-text-editor\" data-id=\"76f07a3\" data-element_type=\"widget\" data-widget_type=\"text-editor.default\">\n\t\t\t\t<div class=\"elementor-widget-container\">\n\t\t\t\t\t\t\t\t\tParque Centenario is an urban park that offers green areas, recreational spaces and outdoor activities for residents and visitors, making it a popular place to relax and enjoy the outdoors in Bucaramanga.\t\t\t\t\t\t\t\t<\/div>\n\t\t\t\t<\/div>\n\t\t\t\t<div class=\"elementor-element elementor-element-6e21a25 elementor-align-center elementor-widget elementor-widget-button\" data-id=\"6e21a25\" data-element_type=\"widget\" data-widget_type=\"button.default\">\n\t\t\t\t<div class=\"elementor-widget-container\">\n\t\t\t\t\t\t\t\t\t<div class=\"elementor-button-wrapper\">\n\t\t\t\t\t<a class=\"elementor-button elementor-button-link elementor-size-sm\" href=\"#elementor-action%3Aaction%3Dpopup%3Aopen%26settings%3DeyJpZCI6IjIyMDIiLCJ0b2dnbGUiOmZhbHNlfQ%3D%3D\">\n\t\t\t\t\t\t<span class=\"elementor-button-content-wrapper\">\n\t\t\t\t\t\t\t\t\t<span class=\"elementor-button-text\">View Location<\/span>\n\t\t\t\t\t<\/span>\n\t\t\t\t\t<\/a>\n\t\t\t\t<\/div>\n\t\t\t\t\t\t\t\t<\/div>\n\t\t\t\t<\/div>\n\t\t\t\t\t<\/div>\n\t\t\t\t<\/div>\n\t\t\t\t\t<\/div>\n\t\t\t\t<\/div>\n\t\t\t\t<\/div>","protected":false},"excerpt":{"rendered":"<p>LUGARES TURISTICOS Parque Cerro del Sant\u00edsimo El Cerro del Sant\u00edsimo es un destino tur\u00edstico y de recreaci\u00f3n en Bucaramanga, Colombia. Con su ic\u00f3nica estatua del Sagrado Coraz\u00f3n de Jes\u00fas, ofrece vistas panor\u00e1micas impresionantes de la ciudad y sus alrededores. Ver Ubicaci\u00f3n Museo del arte El Museo de Arte Moderno de Bucaramanga es un vibrante centro [&hellip;]<\/p>","protected":false},"author":1,"featured_media":0,"parent":0,"menu_order":0,"comment_status":"closed","ping_status":"closed","template":"","meta":{"_monsterinsights_skip_tracking":false,"_monsterinsights_sitenote_active":false,"_monsterinsights_sitenote_note":"","_monsterinsights_sitenote_category":0,"site-sidebar-layout":"no-sidebar","site-content-layout":"page-builder","ast-site-content-layout":"full-width-container","site-content-style":"unboxed","site-sidebar-style":"unboxed","ast-global-header-display":"","ast-banner-title-visibility":"","ast-main-header-display":"","ast-hfb-above-header-display":"","ast-hfb-below-header-display":"","ast-hfb-mobile-header-display":"","site-post-title":"disabled","ast-breadcrumbs-content":"","ast-featured-img":"","footer-sml-layout":"","theme-transparent-header-meta":"enabled","adv-header-id-meta":"","stick-header-meta":"","header-above-stick-meta":"","header-main-stick-meta":"","header-below-stick-meta":"","astra-migrate-meta-layouts":"set","ast-page-background-enabled":"default","ast-page-background-meta":{"desktop":{"background-color":"","background-image":"","background-repeat":"repeat","background-position":"center center","background-size":"auto","background-attachment":"scroll","background-type":"","background-media":"","overlay-type":"","overlay-color":"","overlay-gradient":""},"tablet":{"background-color":"","background-image":"","background-repeat":"repeat","background-position":"center center","background-size":"auto","background-attachment":"scroll","background-type":"","background-media":"","overlay-type":"","overlay-color":"","overlay-gradient":""},"mobile":{"background-color":"","background-image":"","background-repeat":"repeat","background-position":"center center","background-size":"auto","background-attachment":"scroll","background-type":"","background-media":"","overlay-type":"","overlay-color":"","overlay-gradient":""}},"ast-content-background-meta":{"desktop":{"background-color":"var(--ast-global-color-5)","background-image":"","background-repeat":"repeat","background-position":"center center","background-size":"auto","background-attachment":"scroll","background-type":"","background-media":"","overlay-type":"","overlay-color":"","overlay-gradient":""},"tablet":{"background-color":"var(--ast-global-color-5)","background-image":"","background-repeat":"repeat","background-position":"center center","background-size":"auto","background-attachment":"scroll","background-type":"","background-media":"","overlay-type":"","overlay-color":"","overlay-gradient":""},"mobile":{"background-color":"var(--ast-global-color-5)","background-image":"","background-repeat":"repeat","background-position":"center center","background-size":"auto","background-attachment":"scroll","background-type":"","background-media":"","overlay-type":"","overlay-color":"","overlay-gradient":""}},"footnotes":""},"class_list":["post-1422","page","type-page","status-publish","hentry"],"aioseo_notices":[],"_links":{"self":[{"href":"https:\/\/hotellatriada.com\/en\/wp-json\/wp\/v2\/pages\/1422","targetHints":{"allow":["GET"]}}],"collection":[{"href":"https:\/\/hotellatriada.com\/en\/wp-json\/wp\/v2\/pages"}],"about":[{"href":"https:\/\/hotellatriada.com\/en\/wp-json\/wp\/v2\/types\/page"}],"author":[{"embeddable":true,"href":"https:\/\/hotellatriada.com\/en\/wp-json\/wp\/v2\/users\/1"}],"replies":[{"embeddable":true,"href":"https:\/\/hotellatriada.com\/en\/wp-json\/wp\/v2\/comments?post=1422"}],"version-history":[{"count":146,"href":"https:\/\/hotellatriada.com\/en\/wp-json\/wp\/v2\/pages\/1422\/revisions"}],"predecessor-version":[{"id":3153,"href":"https:\/\/hotellatriada.com\/en\/wp-json\/wp\/v2\/pages\/1422\/revisions\/3153"}],"wp:attachment":[{"href":"https:\/\/hotellatriada.com\/en\/wp-json\/wp\/v2\/media?parent=1422"}],"curies":[{"name":"wp","href":"https:\/\/api.w.org\/{rel}","templated":true}]}}